{"id":29046,"date":"2020-11-22T11:40:24","date_gmt":"2020-11-22T10:40:24","guid":{"rendered":"https:\/\/www.ocarofleurs.ch\/?page_id=29046"},"modified":"2020-12-07T14:43:00","modified_gmt":"2020-12-07T13:43:00","slug":"retrait-et-livraison","status":"publish","type":"page","link":"https:\/\/www.ocarofleurs.ch\/retrait-et-livraison\/","title":{"rendered":"Livraison de fleurs et retrait"},"content":{"rendered":"\n<p><\/p>\n\n\n\n<p>Ocarofleurs vous propose 2 modes de retrait \/ livraison de votre commande de fleurs.<\/p>\n\n\n\n<h3>Click and collect : retrait au magasin<\/h3>\n\n\n\n<p>Vous pouvez passer vos commandes par e-mail ou t\u00e9l\u00e9phone et venir retirer votre bouquet directement \u00e0 la boutique.<\/p>\n\n\n\n<p>Toute commande pass\u00e9e avant 14 heures, peux \u00eatre retir\u00e9e le jour m\u00eame.<\/p>\n\n\n\n<p>Toute commande pass\u00e9e apr\u00e8s 16 heures pourra \u00eatre retir\u00e9e le lendemain d\u00e8s 10h .<\/p>\n\n\n\n<h3>Livraison<\/h3>\n\n\n\n<p>Commande par e-mail ou par t\u00e9l\u00e9phone et faites livrer dans la journ\u00e9e pour toutes commandes pass\u00e9es avant 14 heures et le lendemain toutes les commandes pass\u00e9es apr\u00e8s 16 heures.<\/p>\n\n\n\n<p>Les livraisons sont <strong>gratuites<\/strong> sur Veyrier<\/p>\n\n\n\n<p>Les livraisons pour le canton de Gen\u00e8ve et la France voisine s\u2019\u00e9l\u00e8ve \u00e0 10 Fr.&nbsp;<\/p>\n\n\n\n<figure class=\"wp-block-image size-large\"><img width=\"960\" height=\"720\" src=\"https:\/\/www.ocarofleurs.ch\/wp-content\/uploads\/2020\/11\/ocaro-fleurs-livraisons-960x720.jpg\" alt=\"\" class=\"wp-image-29050\" srcset=\"https:\/\/www.ocarofleurs.ch\/wp-content\/uploads\/2020\/11\/ocaro-fleurs-livraisons.jpg 960w, https:\/\/www.ocarofleurs.ch\/wp-content\/uploads\/2020\/11\/ocaro-fleurs-livraisons-768x576.jpg 768w\" sizes=\"(max-width: 960px) 100vw, 960px\" \/><\/figure>\n","protected":false},"excerpt":{"rendered":"<p>Ocarofleurs vous propose 2 modes de retrait \/ livraison de&hellip;<\/p>\n<p> <a class=\"more-link\" href=\"https:\/\/www.ocarofleurs.ch\/retrait-et-livraison\/\">Lire la suite<\/a><\/p>\n","protected":false},"author":3,"featured_media":0,"parent":0,"menu_order":0,"comment_status":"closed","ping_status":"closed","template":"","meta":[],"_links":{"self":[{"href":"https:\/\/www.ocarofleurs.ch\/wp-json\/wp\/v2\/pages\/29046"}],"collection":[{"href":"https:\/\/www.ocarofleurs.ch\/wp-json\/wp\/v2\/pages"}],"about":[{"href":"https:\/\/www.ocarofleurs.ch\/wp-json\/wp\/v2\/types\/page"}],"author":[{"embeddable":true,"href":"https:\/\/www.ocarofleurs.ch\/wp-json\/wp\/v2\/users\/3"}],"replies":[{"embeddable":true,"href":"https:\/\/www.ocarofleurs.ch\/wp-json\/wp\/v2\/comments?post=29046"}],"version-history":[{"count":4,"href":"https:\/\/www.ocarofleurs.ch\/wp-json\/wp\/v2\/pages\/29046\/revisions"}],"predecessor-version":[{"id":29239,"href":"https:\/\/www.ocarofleurs.ch\/wp-json\/wp\/v2\/pages\/29046\/revisions\/29239"}],"wp:attachment":[{"href":"https:\/\/www.ocarofleurs.ch\/wp-json\/wp\/v2\/media?parent=29046"}],"curies":[{"name":"wp","href":"https:\/\/api.w.org\/{rel}","templated":true}]}}